{"id":327,"date":"2025-11-10T10:50:50","date_gmt":"2025-11-10T09:50:50","guid":{"rendered":"https:\/\/www.motorlan.es\/?page_id=327"},"modified":"2026-02-10T17:10:24","modified_gmt":"2026-02-10T16:10:24","slug":"contacto","status":"publish","type":"page","link":"https:\/\/www.motorlan.es\/en\/contacto\/","title":{"rendered":"Contacto"},"content":{"rendered":"<div id=\"pl-327\"  class=\"panel-layout\" ><div id=\"pg-327-0\"  class=\"panel-grid panel-has-style\" ><div class=\"formulario-contacto panel-row-style panel-row-style-for-327-0\" ><div id=\"pgc-327-0-0\"  class=\"panel-grid-cell\" ><div id=\"panel-327-0-0-0\" class=\"so-panel widget widget_sow-headline panel-first-child\" data-index=\"0\" ><div\n\t\t\t\n\t\t\tclass=\"so-widget-sow-headline so-widget-sow-headline-default-ac7e54c24c11-327\"\n\t\t\t\n\t\t><div class=\"sow-headline-container \">\n\t\t\t\t\t\t\t<h2 class=\"sow-headline\">\n\t\t\t\t\t\t\u00bfNecesitas ayuda? \t\t\t\t\t\t<\/h2>\n\t\t\t\t\t\t\t\t\t\t\t\t<p class=\"sow-sub-headline\">\n\t\t\t\t\t\tEstamos aqu\u00ed para atenderte\t\t\t\t\t\t<\/p>\n\t\t\t\t\t\t<\/div>\n<\/div><\/div><div id=\"panel-327-0-0-1\" class=\"so-panel widget widget_sow-editor\" data-index=\"1\" ><div\n\t\t\t\n\t\t\tclass=\"so-widget-sow-editor so-widget-sow-editor-base\"\n\t\t\t\n\t\t>\n<div class=\"siteorigin-widget-tinymce textwidget\">\n\t<p class=\"mb-2 font-sans last:mb-0\">En Motorlan tu satisfacci\u00f3n es lo m\u00e1s importante para nosotros. Si tienes dudas, necesitas m\u00e1s informaci\u00f3n sobre nuestros servicios, o quieres hacernos llegar cualquier consulta o sugerencia, no dudes en escribirnos a trav\u00e9s de este formulario.<\/p>\n<p class=\"mb-2 font-sans last:mb-0\">Nuestro equipo te responder\u00e1 lo antes posible y te acompa\u00f1ar\u00e1 en todo el proceso. \u00a1Gracias por confiar en nosotros!<\/p>\n<\/div>\n<\/div><\/div><div id=\"panel-327-0-0-2\" class=\"so-panel widget widget_sow-editor\" data-index=\"2\" ><div class=\"panel-widget-style panel-widget-style-for-327-0-0-2\" ><div\n\t\t\t\n\t\t\tclass=\"so-widget-sow-editor so-widget-sow-editor-base\"\n\t\t\t\n\t\t>\n<div class=\"siteorigin-widget-tinymce textwidget\">\n\t<p><strong>Fagor Automation, S. Coop.<\/strong><br \/>\nPlanta Usurbil<br \/>\nUrdaiaga auzoa, 32 \u2013 20170 Usurbil<br \/>\nSPAIN<br \/>\nTel. (+34) 943 719 200<br \/>\nFax (+34) 943 360 527<br \/>\nE-mail: motorlan@fagorautomation.es<\/p>\n<p><strong>Horario de atenci\u00f3n al cliente:<\/strong><br \/>\nDe lunes a viernes: 8:00-13:00 \/14:00-17:00<\/p>\n<\/div>\n<\/div><\/div><\/div><div id=\"panel-327-0-0-3\" class=\"so-panel widget widget_sow-button panel-last-child\" data-index=\"3\" ><div\n\t\t\t\n\t\t\tclass=\"so-widget-sow-button so-widget-sow-button-flat-ee61f884b0e2-327\"\n\t\t\t\n\t\t><div class=\"ow-button-base ow-button-align-left\"\n>\n\t\t\t<a href=\"https:\/\/www.google.com\/maps?saddr&#038;daddr=+43.269765,+-2.065625\" class=\"sowb-button ow-icon-placement-left ow-button-hover\" target=\"_blank\" rel=\"noopener noreferrer nofollow\">\n\t\t<span>\n\t\t\t\n\t\t\tC\u00f3mo llegar\t\t<\/span>\n\t\t\t<\/a>\n\t<\/div>\n<\/div><\/div><\/div><div id=\"pgc-327-0-1\"  class=\"panel-grid-cell\" ><div id=\"panel-327-0-1-0\" class=\"so-panel widget widget_sow-editor panel-first-child panel-last-child\" data-index=\"4\" ><div\n\t\t\t\n\t\t\tclass=\"so-widget-sow-editor so-widget-sow-editor-base\"\n\t\t\t\n\t\t>\n<div class=\"siteorigin-widget-tinymce textwidget\">\n\t<p class=\"wpcf7-contact-form-not-found\"><strong>Error:<\/strong> Contact form not found.<\/p>\n<\/div>\n<\/div><\/div><\/div><\/div><\/div><\/div>","protected":false},"excerpt":{"rendered":"<p>En Motorlan tu satisfacci\u00f3n es lo m\u00e1s importante para nosotros. Si tienes dudas, necesitas m\u00e1s informaci\u00f3n sobre nuestros servicios, o quieres hacernos llegar cualquier consulta &#8230; <a title=\"Contacto\" class=\"read-more\" href=\"https:\/\/www.motorlan.es\/en\/contacto\/\" aria-label=\"Read more about Contacto\">Read more<\/a><\/p>\n","protected":false},"author":1,"featured_media":0,"parent":0,"menu_order":0,"comment_status":"closed","ping_status":"closed","template":"","meta":{"_acf_changed":false,"footnotes":""},"class_list":["post-327","page","type-page","status-publish"],"acf":[],"_links":{"self":[{"href":"https:\/\/www.motorlan.es\/en\/wp-json\/wp\/v2\/pages\/327","targetHints":{"allow":["GET"]}}],"collection":[{"href":"https:\/\/www.motorlan.es\/en\/wp-json\/wp\/v2\/pages"}],"about":[{"href":"https:\/\/www.motorlan.es\/en\/wp-json\/wp\/v2\/types\/page"}],"author":[{"embeddable":true,"href":"https:\/\/www.motorlan.es\/en\/wp-json\/wp\/v2\/users\/1"}],"replies":[{"embeddable":true,"href":"https:\/\/www.motorlan.es\/en\/wp-json\/wp\/v2\/comments?post=327"}],"version-history":[{"count":0,"href":"https:\/\/www.motorlan.es\/en\/wp-json\/wp\/v2\/pages\/327\/revisions"}],"wp:attachment":[{"href":"https:\/\/www.motorlan.es\/en\/wp-json\/wp\/v2\/media?parent=327"}],"curies":[{"name":"wp","href":"https:\/\/api.w.org\/{rel}","templated":true}]}}