{"id":317,"date":"2025-11-10T10:17:18","date_gmt":"2025-11-10T09:17:18","guid":{"rendered":"https:\/\/www.motorlan.es\/?page_id=317"},"modified":"2026-03-18T11:05:14","modified_gmt":"2026-03-18T10:05:14","slug":"empresa","status":"publish","type":"page","link":"https:\/\/www.motorlan.es\/empresa\/","title":{"rendered":"Empresa"},"content":{"rendered":"<div id=\"pl-317\"  class=\"panel-layout\" ><div id=\"pg-317-0\"  class=\"panel-grid panel-no-style\" ><div id=\"pgc-317-0-0\"  class=\"panel-grid-cell\" ><div id=\"panel-317-0-0-0\" class=\"so-panel widget widget_sow-editor panel-first-child panel-last-child\" data-index=\"0\" ><div\n\t\t\t\n\t\t\tclass=\"so-widget-sow-editor so-widget-sow-editor-base\"\n\t\t\t\n\t\t>\n<div class=\"siteorigin-widget-tinymce textwidget\">\n\t<p style=\"text-align: justify;\"><strong>MOTORLAN<\/strong>, la unidad especializada en reparaci\u00f3n y mantenimiento de motores el\u00e9ctricos de <strong>Fagor Automation<\/strong>, ofrece soluciones avanzadas para todo tipo de motores y sus sistemas de regulaci\u00f3n electr\u00f3nica.<\/p>\n<p style=\"text-align: justify;\">Desde sus inicios, MOTORLAN ha destacado por su capacidad t\u00e9cnica, siendo pionera en la reparaci\u00f3n con garant\u00eda de motores <strong>brushless<\/strong>\u00a0de cualquier marca. Tambi\u00e9n fue l\u00edder en introducir servicios de <strong>mantenimiento predictivo<\/strong>\u00a0con trazabilidad personalizada por cliente, as\u00ed como informes t\u00e9cnicos certificados <strong>ISO 9001<\/strong>\u00a0que avalan cada reparaci\u00f3n.<\/p>\n<p style=\"text-align: justify;\">Hoy, MOTORLAN mantiene una filosof\u00eda clara: ofrecer un servicio de alta calidad, fiable y orientado al cliente, diferenci\u00e1ndose en un mercado cada vez m\u00e1s exigente. Para ello colabora con empresas especializadas en distintas zonas geogr\u00e1ficas y cuenta con una red comercial que, junto con las delegaciones internacionales de Fagor Automation, permite dar cobertura global a cualquier necesidad relacionada con motores el\u00e9ctricos.<\/p>\n<\/div>\n<\/div><\/div><\/div><div id=\"pgc-317-0-1\"  class=\"panel-grid-cell\" ><div id=\"panel-317-0-1-0\" class=\"so-panel widget widget_sow-image panel-first-child panel-last-child\" data-index=\"1\" ><div\n\t\t\t\n\t\t\tclass=\"so-widget-sow-image so-widget-sow-image-default-8b5b6f678277-317\"\n\t\t\t\n\t\t>\n<div class=\"sow-image-container\">\n\t\t<img loading=\"lazy\" decoding=\"async\" src=\"https:\/\/www.motorlan.es\/wp-content\/uploads\/2026\/03\/MOTORLAN.png\" width=\"1591\" height=\"790\" srcset=\"https:\/\/www.motorlan.es\/wp-content\/uploads\/2026\/03\/MOTORLAN.png 1591w, https:\/\/www.motorlan.es\/wp-content\/uploads\/2026\/03\/MOTORLAN-300x149.png 300w, https:\/\/www.motorlan.es\/wp-content\/uploads\/2026\/03\/MOTORLAN-1024x508.png 1024w, https:\/\/www.motorlan.es\/wp-content\/uploads\/2026\/03\/MOTORLAN-768x381.png 768w, https:\/\/www.motorlan.es\/wp-content\/uploads\/2026\/03\/MOTORLAN-1536x763.png 1536w\" sizes=\"auto, (max-width: 1591px) 100vw, 1591px\" alt=\"\" class=\"so-widget-image\" title=\"\">\n\t<\/div>\n\n<\/div><\/div><\/div><\/div><div id=\"pg-317-1\"  class=\"panel-grid panel-has-style\" ><div class=\"siteorigin-panels-stretch panel-row-style panel-row-style-for-317-1\" data-stretch-type=\"full\" ><div id=\"pgc-317-1-0\"  class=\"panel-grid-cell\" ><div id=\"panel-317-1-0-0\" class=\"so-panel widget widget_sow-headline panel-first-child panel-last-child\" data-index=\"2\" ><div\n\t\t\t\n\t\t\tclass=\"so-widget-sow-headline so-widget-sow-headline-default-da66c68edc0e-317\"\n\t\t\t\n\t\t><div class=\"sow-headline-container \">\n\t\t\t\t\t\t\t<h2 class=\"sow-headline\">\n\t\t\t\t\t\tSoluciones integrales para motores el\u00e9ctricos industriales\t\t\t\t\t\t<\/h2>\n\t\t\t\t\t\t\t\t\t\t\t<div class=\"decoration\">\n\t\t\t\t\t\t<div class=\"decoration-inside\"><\/div>\n\t\t\t\t\t<\/div>\n\t\t\t\t\t\t\t\t\t\t\t<h3 class=\"sow-sub-headline\">\n\t\t\t\t\t\tCompra, venta y reparaci\u00f3n en un solo lugar.\t\t\t\t\t\t<\/h3>\n\t\t\t\t\t\t<\/div>\n<\/div><\/div><\/div><div id=\"pgc-317-1-1\"  class=\"panel-grid-cell\" ><div id=\"panel-317-1-1-0\" class=\"so-panel widget widget_sow-button panel-first-child panel-last-child\" data-index=\"3\" ><div class=\"panel-widget-style panel-widget-style-for-317-1-1-0\" ><div\n\t\t\t\n\t\t\tclass=\"so-widget-sow-button so-widget-sow-button-flat-629d084c725d-317\"\n\t\t\t\n\t\t><div class=\"ow-button-base ow-button-align-center\"\n>\n\t\t\t<a\n\t\t\t\t\thref=\"https:\/\/www.motorlan.es\/servicios\/\"\n\t\t\t\t\tclass=\"sowb-button ow-icon-placement-left ow-button-hover\" target=\"_blank\" rel=\"noopener noreferrer\" \t>\n\t\t<span>\n\t\t\t\n\t\t\tDESCUBRE NUESTROS SERVICIOS\t\t<\/span>\n\t\t\t<\/a>\n\t<\/div>\n<\/div><\/div><\/div><\/div><\/div><\/div><\/div>","protected":false},"excerpt":{"rendered":"<p>MOTORLAN, la unidad especializada en reparaci\u00f3n y mantenimiento de motores el\u00e9ctricos de Fagor Automation, ofrece soluciones avanzadas para todo tipo de motores y sus sistemas &#8230; <a title=\"Empresa\" class=\"read-more\" href=\"https:\/\/www.motorlan.es\/empresa\/\" aria-label=\"Read more about Empresa\">Read more<\/a><\/p>\n","protected":false},"author":1,"featured_media":0,"parent":0,"menu_order":0,"comment_status":"closed","ping_status":"closed","template":"","meta":{"_acf_changed":false,"footnotes":""},"class_list":["post-317","page","type-page","status-publish"],"acf":[],"_links":{"self":[{"href":"https:\/\/www.motorlan.es\/eu\/wp-json\/wp\/v2\/pages\/317","targetHints":{"allow":["GET"]}}],"collection":[{"href":"https:\/\/www.motorlan.es\/eu\/wp-json\/wp\/v2\/pages"}],"about":[{"href":"https:\/\/www.motorlan.es\/eu\/wp-json\/wp\/v2\/types\/page"}],"author":[{"embeddable":true,"href":"https:\/\/www.motorlan.es\/eu\/wp-json\/wp\/v2\/users\/1"}],"replies":[{"embeddable":true,"href":"https:\/\/www.motorlan.es\/eu\/wp-json\/wp\/v2\/comments?post=317"}],"version-history":[{"count":3,"href":"https:\/\/www.motorlan.es\/eu\/wp-json\/wp\/v2\/pages\/317\/revisions"}],"predecessor-version":[{"id":5372,"href":"https:\/\/www.motorlan.es\/eu\/wp-json\/wp\/v2\/pages\/317\/revisions\/5372"}],"wp:attachment":[{"href":"https:\/\/www.motorlan.es\/eu\/wp-json\/wp\/v2\/media?parent=317"}],"curies":[{"name":"wp","href":"https:\/\/api.w.org\/{rel}","templated":true}]}}